{"id":935,"date":"2025-04-17T04:05:30","date_gmt":"2025-04-17T01:05:30","guid":{"rendered":"https:\/\/sk17.lv\/kontakti\/"},"modified":"2025-10-10T13:31:48","modified_gmt":"2025-10-10T10:31:48","slug":"contacts","status":"publish","type":"page","link":"https:\/\/sk17.lv\/en\/contacts\/","title":{"rendered":"Contacts"},"content":{"rendered":"","protected":false},"excerpt":{"rendered":"","protected":false},"author":1,"featured_media":1132,"parent":0,"menu_order":0,"comment_status":"closed","ping_status":"closed","template":"builder.php","meta":[],"class_list":["post-935","page","type-page","status-publish","has-post-thumbnail","hentry"],"acf":[],"yoast_head":"<!-- This site is optimized with the Yoast SEO plugin v27.4 - https:\/\/yoast.com\/product\/yoast-seo-wordpress\/ -->\n<title>Contacts | SKOLAS17<\/title>\n<meta name=\"description\" content=\"Skolas 17 is not just a place to live. It is a place you want to return to. A place you are proud to show your friends. Where comfort, style, and atmosphere blend into a peaceful life.\" \/>\n<meta name=\"robots\" content=\"index, follow, max-snippet:-1, max-image-preview:large, max-video-preview:-1\" \/>\n<link rel=\"canonical\" href=\"https:\/\/sk17.lv\/en\/contacts\/\" \/>\n<meta property=\"og:locale\" content=\"en_US\" \/>\n<meta property=\"og:type\" content=\"article\" \/>\n<meta property=\"og:title\" content=\"Contacts | SKOLAS17\" \/>\n<meta property=\"og:description\" content=\"Skolas 17 is not just a place to live. It is a place you want to return to. A place you are proud to show your friends. Where comfort, style, and atmosphere blend into a peaceful life.\" \/>\n<meta property=\"og:url\" content=\"https:\/\/sk17.lv\/en\/contacts\/\" \/>\n<meta property=\"og:site_name\" content=\"SKOLAS17\" \/>\n<meta property=\"article:modified_time\" content=\"2025-10-10T10:31:48+00:00\" \/>\n<meta property=\"og:image\" content=\"https:\/\/sk17.lv\/wp-content\/uploads\/2025\/08\/skolas17-fallback-comp.jpg\" \/>\n\t<meta property=\"og:image:width\" content=\"1981\" \/>\n\t<meta property=\"og:image:height\" content=\"1387\" \/>\n\t<meta property=\"og:image:type\" content=\"image\/jpeg\" \/>\n<meta name=\"twitter:card\" content=\"summary_large_image\" \/>\n<script type=\"application\/ld+json\" class=\"yoast-schema-graph\">{\"@context\":\"https:\\\/\\\/schema.org\",\"@graph\":[{\"@type\":\"WebPage\",\"@id\":\"https:\\\/\\\/sk17.lv\\\/en\\\/contacts\\\/\",\"url\":\"https:\\\/\\\/sk17.lv\\\/en\\\/contacts\\\/\",\"name\":\"Contacts | SKOLAS17\",\"isPartOf\":{\"@id\":\"https:\\\/\\\/sk17.lv\\\/en\\\/#website\"},\"primaryImageOfPage\":{\"@id\":\"https:\\\/\\\/sk17.lv\\\/en\\\/contacts\\\/#primaryimage\"},\"image\":{\"@id\":\"https:\\\/\\\/sk17.lv\\\/en\\\/contacts\\\/#primaryimage\"},\"thumbnailUrl\":\"https:\\\/\\\/sk17.lv\\\/wp-content\\\/uploads\\\/2025\\\/08\\\/skolas17-fallback-comp.jpg\",\"datePublished\":\"2025-04-17T01:05:30+00:00\",\"dateModified\":\"2025-10-10T10:31:48+00:00\",\"description\":\"Skolas 17 is not just a place to live. It is a place you want to return to. A place you are proud to show your friends. Where comfort, style, and atmosphere blend into a peaceful life.\",\"breadcrumb\":{\"@id\":\"https:\\\/\\\/sk17.lv\\\/en\\\/contacts\\\/#breadcrumb\"},\"inLanguage\":\"en-US\",\"potentialAction\":[{\"@type\":\"ReadAction\",\"target\":[\"https:\\\/\\\/sk17.lv\\\/en\\\/contacts\\\/\"]}]},{\"@type\":\"ImageObject\",\"inLanguage\":\"en-US\",\"@id\":\"https:\\\/\\\/sk17.lv\\\/en\\\/contacts\\\/#primaryimage\",\"url\":\"https:\\\/\\\/sk17.lv\\\/wp-content\\\/uploads\\\/2025\\\/08\\\/skolas17-fallback-comp.jpg\",\"contentUrl\":\"https:\\\/\\\/sk17.lv\\\/wp-content\\\/uploads\\\/2025\\\/08\\\/skolas17-fallback-comp.jpg\",\"width\":1981,\"height\":1387},{\"@type\":\"BreadcrumbList\",\"@id\":\"https:\\\/\\\/sk17.lv\\\/en\\\/contacts\\\/#breadcrumb\",\"itemListElement\":[{\"@type\":\"ListItem\",\"position\":1,\"name\":\"Home\",\"item\":\"https:\\\/\\\/sk17.lv\\\/en\\\/\"},{\"@type\":\"ListItem\",\"position\":2,\"name\":\"Contacts\"}]},{\"@type\":\"WebSite\",\"@id\":\"https:\\\/\\\/sk17.lv\\\/en\\\/#website\",\"url\":\"https:\\\/\\\/sk17.lv\\\/en\\\/\",\"name\":\"SKOLAS17\",\"description\":\"Moderni dz\u012bvok\u013ci R\u012bgas centr\u0101\",\"publisher\":{\"@id\":\"https:\\\/\\\/sk17.lv\\\/en\\\/#organization\"},\"potentialAction\":[{\"@type\":\"SearchAction\",\"target\":{\"@type\":\"EntryPoint\",\"urlTemplate\":\"https:\\\/\\\/sk17.lv\\\/en\\\/?s={search_term_string}\"},\"query-input\":{\"@type\":\"PropertyValueSpecification\",\"valueRequired\":true,\"valueName\":\"search_term_string\"}}],\"inLanguage\":\"en-US\"},{\"@type\":\"Organization\",\"@id\":\"https:\\\/\\\/sk17.lv\\\/en\\\/#organization\",\"name\":\"SKOLAS17\",\"url\":\"https:\\\/\\\/sk17.lv\\\/en\\\/\",\"logo\":{\"@type\":\"ImageObject\",\"inLanguage\":\"en-US\",\"@id\":\"https:\\\/\\\/sk17.lv\\\/en\\\/#\\\/schema\\\/logo\\\/image\\\/\",\"url\":\"https:\\\/\\\/sk17.lv\\\/wp-content\\\/uploads\\\/2025\\\/08\\\/skola17-logo-dark.svg\",\"contentUrl\":\"https:\\\/\\\/sk17.lv\\\/wp-content\\\/uploads\\\/2025\\\/08\\\/skola17-logo-dark.svg\",\"width\":1,\"height\":1,\"caption\":\"SKOLAS17\"},\"image\":{\"@id\":\"https:\\\/\\\/sk17.lv\\\/en\\\/#\\\/schema\\\/logo\\\/image\\\/\"}}]}<\/script>\n<!-- \/ Yoast SEO plugin. -->","yoast_head_json":{"title":"Contacts | SKOLAS17","description":"Skolas 17 is not just a place to live. It is a place you want to return to. A place you are proud to show your friends. Where comfort, style, and atmosphere blend into a peaceful life.","robots":{"index":"index","follow":"follow","max-snippet":"max-snippet:-1","max-image-preview":"max-image-preview:large","max-video-preview":"max-video-preview:-1"},"canonical":"https:\/\/sk17.lv\/en\/contacts\/","og_locale":"en_US","og_type":"article","og_title":"Contacts | SKOLAS17","og_description":"Skolas 17 is not just a place to live. It is a place you want to return to. A place you are proud to show your friends. Where comfort, style, and atmosphere blend into a peaceful life.","og_url":"https:\/\/sk17.lv\/en\/contacts\/","og_site_name":"SKOLAS17","article_modified_time":"2025-10-10T10:31:48+00:00","og_image":[{"width":1981,"height":1387,"url":"https:\/\/sk17.lv\/wp-content\/uploads\/2025\/08\/skolas17-fallback-comp.jpg","type":"image\/jpeg"}],"twitter_card":"summary_large_image","schema":{"@context":"https:\/\/schema.org","@graph":[{"@type":"WebPage","@id":"https:\/\/sk17.lv\/en\/contacts\/","url":"https:\/\/sk17.lv\/en\/contacts\/","name":"Contacts | SKOLAS17","isPartOf":{"@id":"https:\/\/sk17.lv\/en\/#website"},"primaryImageOfPage":{"@id":"https:\/\/sk17.lv\/en\/contacts\/#primaryimage"},"image":{"@id":"https:\/\/sk17.lv\/en\/contacts\/#primaryimage"},"thumbnailUrl":"https:\/\/sk17.lv\/wp-content\/uploads\/2025\/08\/skolas17-fallback-comp.jpg","datePublished":"2025-04-17T01:05:30+00:00","dateModified":"2025-10-10T10:31:48+00:00","description":"Skolas 17 is not just a place to live. It is a place you want to return to. A place you are proud to show your friends. Where comfort, style, and atmosphere blend into a peaceful life.","breadcrumb":{"@id":"https:\/\/sk17.lv\/en\/contacts\/#breadcrumb"},"inLanguage":"en-US","potentialAction":[{"@type":"ReadAction","target":["https:\/\/sk17.lv\/en\/contacts\/"]}]},{"@type":"ImageObject","inLanguage":"en-US","@id":"https:\/\/sk17.lv\/en\/contacts\/#primaryimage","url":"https:\/\/sk17.lv\/wp-content\/uploads\/2025\/08\/skolas17-fallback-comp.jpg","contentUrl":"https:\/\/sk17.lv\/wp-content\/uploads\/2025\/08\/skolas17-fallback-comp.jpg","width":1981,"height":1387},{"@type":"BreadcrumbList","@id":"https:\/\/sk17.lv\/en\/contacts\/#breadcrumb","itemListElement":[{"@type":"ListItem","position":1,"name":"Home","item":"https:\/\/sk17.lv\/en\/"},{"@type":"ListItem","position":2,"name":"Contacts"}]},{"@type":"WebSite","@id":"https:\/\/sk17.lv\/en\/#website","url":"https:\/\/sk17.lv\/en\/","name":"SKOLAS17","description":"Moderni dz\u012bvok\u013ci R\u012bgas centr\u0101","publisher":{"@id":"https:\/\/sk17.lv\/en\/#organization"},"potentialAction":[{"@type":"SearchAction","target":{"@type":"EntryPoint","urlTemplate":"https:\/\/sk17.lv\/en\/?s={search_term_string}"},"query-input":{"@type":"PropertyValueSpecification","valueRequired":true,"valueName":"search_term_string"}}],"inLanguage":"en-US"},{"@type":"Organization","@id":"https:\/\/sk17.lv\/en\/#organization","name":"SKOLAS17","url":"https:\/\/sk17.lv\/en\/","logo":{"@type":"ImageObject","inLanguage":"en-US","@id":"https:\/\/sk17.lv\/en\/#\/schema\/logo\/image\/","url":"https:\/\/sk17.lv\/wp-content\/uploads\/2025\/08\/skola17-logo-dark.svg","contentUrl":"https:\/\/sk17.lv\/wp-content\/uploads\/2025\/08\/skola17-logo-dark.svg","width":1,"height":1,"caption":"SKOLAS17"},"image":{"@id":"https:\/\/sk17.lv\/en\/#\/schema\/logo\/image\/"}}]}},"_links":{"self":[{"href":"https:\/\/sk17.lv\/en\/wp-json\/wp\/v2\/pages\/935","targetHints":{"allow":["GET"]}}],"collection":[{"href":"https:\/\/sk17.lv\/en\/wp-json\/wp\/v2\/pages"}],"about":[{"href":"https:\/\/sk17.lv\/en\/wp-json\/wp\/v2\/types\/page"}],"author":[{"embeddable":true,"href":"https:\/\/sk17.lv\/en\/wp-json\/wp\/v2\/users\/1"}],"replies":[{"embeddable":true,"href":"https:\/\/sk17.lv\/en\/wp-json\/wp\/v2\/comments?post=935"}],"version-history":[{"count":4,"href":"https:\/\/sk17.lv\/en\/wp-json\/wp\/v2\/pages\/935\/revisions"}],"predecessor-version":[{"id":1632,"href":"https:\/\/sk17.lv\/en\/wp-json\/wp\/v2\/pages\/935\/revisions\/1632"}],"wp:featuredmedia":[{"embeddable":true,"href":"https:\/\/sk17.lv\/en\/wp-json\/wp\/v2\/media\/1132"}],"wp:attachment":[{"href":"https:\/\/sk17.lv\/en\/wp-json\/wp\/v2\/media?parent=935"}],"curies":[{"name":"wp","href":"https:\/\/api.w.org\/{rel}","templated":true}]}}